{"id":2,"date":"2017-01-27T20:41:45","date_gmt":"2017-01-27T19:41:45","guid":{"rendered":"http:\/\/588b089c591bf-01.ubh.sysup.at\/wordpress\/?page_id=2"},"modified":"2024-12-21T19:28:20","modified_gmt":"2024-12-21T18:28:20","slug":"impressum","status":"publish","type":"page","link":"https:\/\/www.wgkreuzberg.at\/?page_id=2","title":{"rendered":"Die Wassergenossenschaft"},"content":{"rendered":"<p>Die Genossenschaftliche Abwasserkl\u00e4ranlage nach Dr. Renner wurde 1997 erbaut.<\/p>\n<h1>Die Genossenschaft<\/h1>\n<p>Gem\u00e4\u00df \u00a7 79 Abs. 1 Wasserrechtsgesetz 1959 i.d.g.F. wurde zur Leitung und Besorgung der Genossenschaftsangelegenheiten Herrn Ing.\u00a0Oswald Feiertag als Obmann der Wassergenossenschaft Kreuzberg-Rinnegg genannt. Nach dem Jahreshauptversammlungsbeschluss vom 04.11.2016 besteht die Genossenschaft aus folgenden Organen, welche zur Vertretung berechtigt sind:<\/p>\n<p><strong>Obmann<\/strong>: Oswald Feiertag, 8061 St. Radegund<br \/>\n<strong>Obmannstellvertreter<\/strong>: Martin Kaiser-Kaplaner, 8061 St. Radegund<br \/>\n<strong>Kassier<\/strong>: J\u00f6rg Strohmaier, 8061 St. Radegund<br \/>\n<strong>Kassierstellvertreter<\/strong>: Franz Pinter, 8061 St. Radegund<br \/>\n<strong>Schriftf\u00fchrer<\/strong>: Michael Neuner, 8061 St. Radegund<br \/>\n<strong>Kassapr\u00fcfer<\/strong>: Philipp Rabl, Christian Tertinegg, 8061 St. Radegund<\/p>\n<p><a href=\"https:\/\/www.wgkreuzberg.at\/wp-content\/uploads\/2018\/11\/WG-K-R-Satzung-vom-02.02.2018.pdf\">Download: Satzung vom 02.02.2018<\/a><\/p>\n<hr \/>\n<h2><span class=\"berschrift3Zchn\"><i>Anschrift<\/i><\/span><\/h2>\n<p>Wassergenossenschaft Kreuzberg-<span class=\"SpellE\">Rinnegg<br \/>\n<\/span>Wetterturmstra\u00dfe 26 a<br \/>\n8061 St. Radegund bei Graz<\/p>\n<p>E-Mail: <a href=\"mailto:office@wgkreuzberg.at\">office@wgkreuzberg.at<\/a><\/p>\n","protected":false},"excerpt":{"rendered":"<p>Die Genossenschaftliche Abwasserkl\u00e4ranlage nach Dr. Renner wurde 1997 erbaut. Die Genossenschaft Gem\u00e4\u00df \u00a7 79 Abs. 1 Wasserrechtsgesetz 1959 i.d.g.F. wurde zur Leitung und Besorgung der Genossenschaftsangelegenheiten Herrn Ing.\u00a0Oswald Feiertag als [&hellip;]<\/p>\n","protected":false},"author":1,"featured_media":0,"parent":0,"menu_order":1,"comment_status":"closed","ping_status":"open","template":"","meta":{"footnotes":""},"class_list":["post-2","page","type-page","status-publish","hentry"],"_links":{"self":[{"href":"https:\/\/www.wgkreuzberg.at\/index.php?rest_route=\/wp\/v2\/pages\/2","targetHints":{"allow":["GET"]}}],"collection":[{"href":"https:\/\/www.wgkreuzberg.at\/index.php?rest_route=\/wp\/v2\/pages"}],"about":[{"href":"https:\/\/www.wgkreuzberg.at\/index.php?rest_route=\/wp\/v2\/types\/page"}],"author":[{"embeddable":true,"href":"https:\/\/www.wgkreuzberg.at\/index.php?rest_route=\/wp\/v2\/users\/1"}],"replies":[{"embeddable":true,"href":"https:\/\/www.wgkreuzberg.at\/index.php?rest_route=%2Fwp%2Fv2%2Fcomments&post=2"}],"version-history":[{"count":9,"href":"https:\/\/www.wgkreuzberg.at\/index.php?rest_route=\/wp\/v2\/pages\/2\/revisions"}],"predecessor-version":[{"id":163,"href":"https:\/\/www.wgkreuzberg.at\/index.php?rest_route=\/wp\/v2\/pages\/2\/revisions\/163"}],"wp:attachment":[{"href":"https:\/\/www.wgkreuzberg.at\/index.php?rest_route=%2Fwp%2Fv2%2Fmedia&parent=2"}],"curies":[{"name":"wp","href":"https:\/\/api.w.org\/{rel}","templated":true}]}}