{"id":33,"date":"2017-01-27T21:31:19","date_gmt":"2017-01-27T20:31:19","guid":{"rendered":"http:\/\/588b089c591bf-01.ubh.sysup.at\/wordpress\/?page_id=33"},"modified":"2017-01-27T21:32:18","modified_gmt":"2017-01-27T20:32:18","slug":"anschlussbedingungen","status":"publish","type":"page","link":"https:\/\/www.wgkreuzberg.at\/?page_id=33","title":{"rendered":"Anschlussbedingungen"},"content":{"rendered":"<p>(f\u00fcr Hausanschl\u00fcsse der Wassergenossenschaft Kreuzberg &#8211; Rinnegg)<\/p>\n<p align=\"JUSTIFY\">Der Liegenschaftseigent\u00fcmer ist verpflichtet, bei der Besprechung des Hausanschlusses alle f\u00fcr die Abwicklung notwendigen Ausk\u00fcnfte zu erteilen. Insbesondere sind der Wassergenossenschaft Lage-, Bau- und Kanalpl\u00e4ne in einfacher Ausfertigung zu \u00fcbergeben.<\/p>\n<p align=\"JUSTIFY\">Ansuchen um Anschlu\u00df an das Abwassernetz der Wassergenossenschaft sind sp\u00e4testens vier Wochen vor dem Baubeginn bzw. vor dem geplanten Anschlu\u00df gemeinsam mit den obgenannten Pl\u00e4nen bei der Wassergenossenschaft einzureichen.<\/p>\n<p align=\"JUSTIFY\">Die Anschlu\u00dfleitungen sind \u00d6NORM-gem\u00e4\u00df auszuf\u00fchren (\u00d6NORM B 2501)<\/p>\n<p align=\"JUSTIFY\">Als Sch\u00e4chte sind Betonsch\u00e4chte gem\u00e4\u00df \u00d6NORM B 2504 mit GU-Schachtboden zu verwenden. Steighilfen sind gem\u00e4\u00df \u00d6NORM einzubauen. Schachtdeckel sind entsprechend den Bestimmungen der \u00d6NORM und ohne Ventilations\u00f6ffnungen auszuf\u00fchren. Die Kanalentl\u00fcftung mu\u00df \u00fcber Dach des angeschlossenen Objektes erfolgen.<\/p>\n<p align=\"JUSTIFY\">Angeschlossen werden nur Liegenschaften, deren Eigent\u00fcmer dieser Vereinbarung zustimmen und die ihren finanziellen Verpflichtungen gegen\u00fcber der Wassergenossenschaft nachgekommen sind.<\/p>\n<p align=\"JUSTIFY\">Die Benutzungsbewilligung wird erst erteilt, wenn der ordnungsgem\u00e4\u00dfe Anschlu\u00df durch ein Organ der Wassergenossenschaft festgestellt wurde. Vorher d\u00fcrfen die Leitungen der WG nicht benutzt werden. Sch\u00e4den durch vorzeitige oder unsachgem\u00e4\u00dfe Einleitungen (z.B. auch Regen- oder Oberfl\u00e4chenw\u00e4sser, Bauchemikalien) werden auf Kosten des Verursachers behoben (Sch\u00e4den am Leitungsnetz, an der Abwasserreinigungsanlage oder an der Biologie der ARA).<\/p>\n<p align=\"JUSTIFY\">Rinnegg, 05. M\u00e4rz 1999<\/p>\n<p>&nbsp;<\/p>\n","protected":false},"excerpt":{"rendered":"<p>(f\u00fcr Hausanschl\u00fcsse der Wassergenossenschaft Kreuzberg &#8211; Rinnegg) Der Liegenschaftseigent\u00fcmer ist verpflichtet, bei der Besprechung des Hausanschlusses alle f\u00fcr die Abwicklung notwendigen Ausk\u00fcnfte zu erteilen. Insbesondere sind der Wassergenossenschaft Lage-, Bau- [&hellip;]<\/p>\n","protected":false},"author":1,"featured_media":0,"parent":21,"menu_order":0,"comment_status":"closed","ping_status":"closed","template":"","meta":{"footnotes":""},"class_list":["post-33","page","type-page","status-publish","hentry"],"_links":{"self":[{"href":"https:\/\/www.wgkreuzberg.at\/index.php?rest_route=\/wp\/v2\/pages\/33","targetHints":{"allow":["GET"]}}],"collection":[{"href":"https:\/\/www.wgkreuzberg.at\/index.php?rest_route=\/wp\/v2\/pages"}],"about":[{"href":"https:\/\/www.wgkreuzberg.at\/index.php?rest_route=\/wp\/v2\/types\/page"}],"author":[{"embeddable":true,"href":"https:\/\/www.wgkreuzberg.at\/index.php?rest_route=\/wp\/v2\/users\/1"}],"replies":[{"embeddable":true,"href":"https:\/\/www.wgkreuzberg.at\/index.php?rest_route=%2Fwp%2Fv2%2Fcomments&post=33"}],"version-history":[{"count":4,"href":"https:\/\/www.wgkreuzberg.at\/index.php?rest_route=\/wp\/v2\/pages\/33\/revisions"}],"predecessor-version":[{"id":110,"href":"https:\/\/www.wgkreuzberg.at\/index.php?rest_route=\/wp\/v2\/pages\/33\/revisions\/110"}],"up":[{"embeddable":true,"href":"https:\/\/www.wgkreuzberg.at\/index.php?rest_route=\/wp\/v2\/pages\/21"}],"wp:attachment":[{"href":"https:\/\/www.wgkreuzberg.at\/index.php?rest_route=%2Fwp%2Fv2%2Fmedia&parent=33"}],"curies":[{"name":"wp","href":"https:\/\/api.w.org\/{rel}","templated":true}]}}